{"id":312,"date":"2016-12-22T21:06:57","date_gmt":"2016-12-22T20:06:57","guid":{"rendered":"https:\/\/fitamflip.com\/de\/?page_id=312"},"modified":"2023-10-10T10:57:50","modified_gmt":"2023-10-10T08:57:50","slug":"kurzprofil","status":"publish","type":"page","link":"https:\/\/fitamflip.com\/de\/kurzprofil\/","title":{"rendered":"Kurzprofil Frank Hargina"},"content":{"rendered":"<p>[et_pb_section fb_built=&#8220;1&#8243; custom_padding_last_edited=&#8220;on|desktop&#8220; _builder_version=&#8220;4.16&#8243; background_color=&#8220;#424242&#8243; custom_padding_tablet=&#8220;50px|0|50px|0&#8243; custom_padding_phone=&#8220;50px|0|50px|0&#8243; transparent_background=&#8220;off&#8220; padding_mobile=&#8220;off&#8220; make_fullwidth=&#8220;off&#8220; use_custom_width=&#8220;off&#8220; width_unit=&#8220;on&#8220; global_colors_info=&#8220;{}&#8220;][et_pb_row column_structure=&#8220;1_3,1_3,1_3&#8243; _builder_version=&#8220;4.16&#8243; background_size=&#8220;initial&#8220; background_position=&#8220;top_left&#8220; background_repeat=&#8220;repeat&#8220; global_colors_info=&#8220;{}&#8220;][et_pb_column type=&#8220;1_3&#8243; _builder_version=&#8220;4.16&#8243; custom_padding=&#8220;|||&#8220; global_colors_info=&#8220;{}&#8220; custom_padding__hover=&#8220;|||&#8220;][et_pb_number_counter title=&#8220;Jahre Lebenserfahrung&#8220; number=&#8220;61&#8243; percent_sign=&#8220;off&#8220; counter_color=&#8220;#81d742&#8243; admin_label=&#8220;Z\u00e4hler&#8220; _builder_version=&#8220;4.18.0&#8243; background_size=&#8220;initial&#8220; background_position=&#8220;top_left&#8220; background_repeat=&#8220;repeat&#8220; background_layout=&#8220;dark&#8220; use_border_color=&#8220;off&#8220; border_color=&#8220;#ffffff&#8220; border_style=&#8220;solid&#8220; global_colors_info=&#8220;{}&#8220;][\/et_pb_number_counter][\/et_pb_column][et_pb_column type=&#8220;1_3&#8243; _builder_version=&#8220;4.16&#8243; custom_padding=&#8220;|||&#8220; global_colors_info=&#8220;{}&#8220; custom_padding__hover=&#8220;|||&#8220;][et_pb_number_counter title=&#8220;Jahre Berufserfahrung&#8220; number=&#8220;36&#8243; percent_sign=&#8220;off&#8220; counter_color=&#8220;#54acff&#8220; admin_label=&#8220;Z\u00e4hler&#8220; _builder_version=&#8220;4.18.0&#8243; background_size=&#8220;initial&#8220; background_position=&#8220;top_left&#8220; background_repeat=&#8220;repeat&#8220; background_layout=&#8220;dark&#8220; use_border_color=&#8220;off&#8220; border_color=&#8220;#ffffff&#8220; border_style=&#8220;solid&#8220; global_colors_info=&#8220;{}&#8220;][\/et_pb_number_counter][\/et_pb_column][et_pb_column type=&#8220;1_3&#8243; _builder_version=&#8220;4.16&#8243; custom_padding=&#8220;|||&#8220; global_colors_info=&#8220;{}&#8220; custom_padding__hover=&#8220;|||&#8220;][et_pb_number_counter title=&#8220;Jahre Berater &#038; Couch&#8220; number=&#8220;18&#8243; percent_sign=&#8220;off&#8220; counter_color=&#8220;#e51d42&#8243; admin_label=&#8220;Z\u00e4hler&#8220; _builder_version=&#8220;4.18.0&#8243; background_size=&#8220;initial&#8220; background_position=&#8220;top_left&#8220; background_repeat=&#8220;repeat&#8220; background_layout=&#8220;dark&#8220; use_border_color=&#8220;off&#8220; border_color=&#8220;#ffffff&#8220; border_style=&#8220;solid&#8220; global_colors_info=&#8220;{}&#8220;][\/et_pb_number_counter][\/et_pb_column][\/et_pb_row][\/et_pb_section][et_pb_section fb_built=&#8220;1&#8243; custom_padding_last_edited=&#8220;on|desktop&#8220; _builder_version=&#8220;4.16&#8243; custom_padding_tablet=&#8220;50px|0|50px|0&#8243; custom_padding_phone=&#8220;50px|0|50px|0&#8243; transparent_background=&#8220;off&#8220; padding_mobile=&#8220;off&#8220; make_fullwidth=&#8220;off&#8220; use_custom_width=&#8220;off&#8220; width_unit=&#8220;on&#8220; global_colors_info=&#8220;{}&#8220;][et_pb_row column_structure=&#8220;2_3,1_3&#8243; padding_mobile=&#8220;off&#8220; _builder_version=&#8220;4.16&#8243; background_size=&#8220;initial&#8220; background_position=&#8220;top_left&#8220; background_repeat=&#8220;repeat&#8220; custom_padding=&#8220;75|0&#8243; make_fullwidth=&#8220;off&#8220; use_custom_width=&#8220;off&#8220; width_unit=&#8220;on&#8220; global_colors_info=&#8220;{}&#8220;][et_pb_column type=&#8220;2_3&#8243; _builder_version=&#8220;4.16&#8243; custom_padding=&#8220;|||&#8220; global_colors_info=&#8220;{}&#8220; custom_padding__hover=&#8220;|||&#8220;][et_pb_text admin_label=&#8220;Text&#8220; _builder_version=&#8220;4.18.0&#8243; background_size=&#8220;initial&#8220; background_position=&#8220;top_left&#8220; background_repeat=&#8220;repeat&#8220; use_border_color=&#8220;off&#8220; border_color=&#8220;#ffffff&#8220; border_style=&#8220;solid&#8220; global_colors_info=&#8220;{}&#8220;]<\/p>\n<h3>Frank Hargina, Trainer und Berater f\u00fcr:<\/h3>\n<p>&nbsp;<\/p>\n<ul>\n<li>Innovation und Management<\/li>\n<li>Leitbild und Marke<\/li>\n<li>Marketingkommunikation und Design<\/li>\n<\/ul>\n<ul>\n<li>Moderation, Pr\u00e4sentation, Auftritt &amp; Keynotes<\/li>\n<li>Visualisierung, Graphic Recording &amp; Facilitation<\/li>\n<li>Kreativmethoden und -prozesse<\/li>\n<\/ul>\n<ul>\n<li>Professionalisierung von Prozessen, Teams und Einzelpersonen<\/li>\n<li>Ver\u00e4nderungsprozesse durch Implementierung von Softwarel\u00f6sungen<\/li>\n<\/ul>\n<ul>\n<li>Kommunikation und Kundenorientierung<\/li>\n<li>Teamentwicklung und Performance<\/li>\n<li>F\u00fchrungskr\u00e4fteentwicklung<\/li>\n<li>Business Partnering<\/li>\n<\/ul>\n<p>[\/et_pb_text][\/et_pb_column][et_pb_column type=&#8220;1_3&#8243; _builder_version=&#8220;4.16&#8243; custom_padding=&#8220;|||&#8220; global_colors_info=&#8220;{}&#8220; custom_padding__hover=&#8220;|||&#8220;][et_pb_image src=&#8220;https:\/\/fitamflip.com\/de\/wp-content\/uploads\/2016\/04\/Frank-Hargina-06052014-13_03.jpg&#8220; align_tablet=&#8220;center&#8220; align_phone=&#8220;center&#8220; align_last_edited=&#8220;on|desktop&#8220; admin_label=&#8220;Bild&#8220; _builder_version=&#8220;4.19.5&#8243; animation_style=&#8220;slide&#8220; animation_direction=&#8220;right&#8220; animation_duration=&#8220;500ms&#8220; animation_intensity_slide=&#8220;10%&#8220; hover_enabled=&#8220;0&#8243; use_border_color=&#8220;off&#8220; border_color=&#8220;#ffffff&#8220; border_style=&#8220;solid&#8220; animation=&#8220;right&#8220; sticky=&#8220;off&#8220; always_center_on_mobile=&#8220;on&#8220; global_colors_info=&#8220;{}&#8220; border_radii=&#8220;on|12px|12px|12px|12px&#8220; sticky_enabled=&#8220;0&#8243;][\/et_pb_image][\/et_pb_column][\/et_pb_row][et_pb_row _builder_version=&#8220;4.16&#8243; background_size=&#8220;initial&#8220; background_position=&#8220;top_left&#8220; background_repeat=&#8220;repeat&#8220; global_colors_info=&#8220;{}&#8220;][et_pb_column type=&#8220;4_4&#8243; _builder_version=&#8220;4.16&#8243; custom_padding=&#8220;|||&#8220; global_colors_info=&#8220;{}&#8220; custom_padding__hover=&#8220;|||&#8220;][et_pb_divider color=&#8220;#cccccc&#8220; disabled_on=&#8220;on|on|off&#8220; admin_label=&#8220;Teiler&#8220; module_id=&#8220;teiler&#8220; _builder_version=&#8220;4.16&#8243; hide_on_mobile=&#8220;on&#8220; global_colors_info=&#8220;{}&#8220;][\/et_pb_divider][\/et_pb_column][\/et_pb_row][et_pb_row column_structure=&#8220;1_2,1_2&#8243; _builder_version=&#8220;4.16&#8243; background_size=&#8220;initial&#8220; background_position=&#8220;top_left&#8220; background_repeat=&#8220;repeat&#8220; global_colors_info=&#8220;{}&#8220;][et_pb_column type=&#8220;1_2&#8243; _builder_version=&#8220;4.16&#8243; custom_padding=&#8220;|||&#8220; global_colors_info=&#8220;{}&#8220; custom_padding__hover=&#8220;|||&#8220;][et_pb_text admin_label=&#8220;Text&#8220; _builder_version=&#8220;4.16&#8243; background_size=&#8220;initial&#8220; background_position=&#8220;top_left&#8220; background_repeat=&#8220;repeat&#8220; use_border_color=&#8220;off&#8220; border_color=&#8220;#ffffff&#8220; border_style=&#8220;solid&#8220; global_colors_info=&#8220;{}&#8220;]Frank Hargina ist systemischer Berater und Trainer (DVCT) f\u00fcr Organisationen, Teams und Projekte. Nach dem Studium der visuellen Kommunikation war er f\u00fcr namhafte mittelst\u00e4ndische und gro\u00dfe Unternehmen auf dem deutschen, amerikanischen, europ\u00e4ischen und asiatischen Markt t\u00e4tig.[\/et_pb_text][et_pb_text admin_label=&#8220;Text&#8220; _builder_version=&#8220;4.16&#8243; background_size=&#8220;initial&#8220; background_position=&#8220;top_left&#8220; background_repeat=&#8220;repeat&#8220; use_border_color=&#8220;off&#8220; border_color=&#8220;#ffffff&#8220; border_style=&#8220;solid&#8220; global_colors_info=&#8220;{}&#8220;]Neben der langj\u00e4hrigen Erfahrung als Unternehmer bringt Frank Hargina umfassendes Know-how aus dem internationalen Management mit. Er war mehrere Jahre Global Brand Manager in einem Gesundheitskonzern und managte Produkte sowie Projekte mit globaler Ausrichtung, daneben hatte er Verantwortung auf lokalen M\u00e4rkten verschiedener Wirtschaftsregionen.[\/et_pb_text][\/et_pb_column][et_pb_column type=&#8220;1_2&#8243; _builder_version=&#8220;4.16&#8243; custom_padding=&#8220;|||&#8220; global_colors_info=&#8220;{}&#8220; custom_padding__hover=&#8220;|||&#8220;][et_pb_text admin_label=&#8220;Text&#8220; _builder_version=&#8220;4.16&#8243; background_size=&#8220;initial&#8220; background_position=&#8220;top_left&#8220; background_repeat=&#8220;repeat&#8220; use_border_color=&#8220;off&#8220; border_color=&#8220;#ffffff&#8220; border_style=&#8220;solid&#8220; global_colors_info=&#8220;{}&#8220;]Frank Hargina absolvierte Ausbildungen in systemischer Beratung zur Professionalisierung von F\u00fchrungskompetenz sowie zur Entwicklung von Organisationen. Schwerpunkte seiner Trainert\u00e4tigkeit sind die Professionalisierung von Kommunikation, das L\u00f6sen von Konflikten und das Begleiten von Ver\u00e4nderungs-prozessen.[\/et_pb_text][et_pb_text admin_label=&#8220;Text&#8220; _builder_version=&#8220;4.16&#8243; background_size=&#8220;initial&#8220; background_position=&#8220;top_left&#8220; background_repeat=&#8220;repeat&#8220; use_border_color=&#8220;off&#8220; border_color=&#8220;#ffffff&#8220; border_style=&#8220;solid&#8220; saved_tabs=&#8220;all&#8220; global_colors_info=&#8220;{}&#8220;]+49 171 5877984 | <a href=\"mailto:kontakt@hargina.de?Subject=Buchungsanfrage\" target=\"_top\" rel=\"noopener\">kontakt@hargina.de<\/a> | Profil als <a href=\"https:\/\/fitamflip.com\/de\/wp-content\/uploads\/2016\/12\/Frank-Hargina-Visualisierung2.pdf\" target=\"_blank\" rel=\"noopener\">Print-PDF<\/a>[\/et_pb_text][et_pb_text admin_label=&#8220;Social Media&#8220; _builder_version=&#8220;4.16&#8243; background_size=&#8220;initial&#8220; background_position=&#8220;top_left&#8220; background_repeat=&#8220;repeat&#8220; use_border_color=&#8220;off&#8220; border_color=&#8220;#ffffff&#8220; border_style=&#8220;solid&#8220; saved_tabs=&#8220;all&#8220; global_colors_info=&#8220;{}&#8220;]<a href=\"https:\/\/de.linkedin.com\/in\/frank-hargina-a0888787\" title=\"LinkedIn\" target=\"_blank\" rel=\"noopener\"><img src=\"https:\/\/fitamflip.com\/de\/wp-content\/uploads\/2016\/04\/LinkedIn.jpg\" alt=\"\"><\/a> &nbsp; <a href=\"https:\/\/coaches.xing.com\/coaches\/Frank_Hargina\" title=\"Xing\" target=\"_blank\" rel=\"noopener\"><img src=\"https:\/\/fitamflip.com\/de\/wp-content\/uploads\/2016\/04\/xing.jpg\" alt=\"\"><\/a>[\/et_pb_text][\/et_pb_column][\/et_pb_row][\/et_pb_section]<\/p>\n","protected":false},"excerpt":{"rendered":"<p>Frank Hargina, Trainer und Berater f\u00fcr: &nbsp; Innovation und Management Leitbild und Marke Marketingkommunikation und Design Moderation, Pr\u00e4sentation, Auftritt &amp; Keynotes Visualisierung, Graphic Recording &amp; Facilitation Kreativmethoden und -prozesse Professionalisierung von Prozessen, Teams und Einzelpersonen Ver\u00e4nderungsprozesse durch Implementierung von Softwarel\u00f6sungen Kommunikation und Kundenorientierung Teamentwicklung und Performance F\u00fchrungskr\u00e4fteentwicklung Business Partnering Frank Hargina ist systemischer Berater und [&hellip;]<\/p>\n","protected":false},"author":1,"featured_media":0,"parent":0,"menu_order":0,"comment_status":"closed","ping_status":"closed","template":"","meta":{"_et_pb_use_builder":"on","_et_pb_old_content":"","_et_gb_content_width":""},"acf":[],"_links":{"self":[{"href":"https:\/\/fitamflip.com\/de\/wp-json\/wp\/v2\/pages\/312"}],"collection":[{"href":"https:\/\/fitamflip.com\/de\/wp-json\/wp\/v2\/pages"}],"about":[{"href":"https:\/\/fitamflip.com\/de\/wp-json\/wp\/v2\/types\/page"}],"author":[{"embeddable":true,"href":"https:\/\/fitamflip.com\/de\/wp-json\/wp\/v2\/users\/1"}],"replies":[{"embeddable":true,"href":"https:\/\/fitamflip.com\/de\/wp-json\/wp\/v2\/comments?post=312"}],"version-history":[{"count":41,"href":"https:\/\/fitamflip.com\/de\/wp-json\/wp\/v2\/pages\/312\/revisions"}],"predecessor-version":[{"id":4038,"href":"https:\/\/fitamflip.com\/de\/wp-json\/wp\/v2\/pages\/312\/revisions\/4038"}],"wp:attachment":[{"href":"https:\/\/fitamflip.com\/de\/wp-json\/wp\/v2\/media?parent=312"}],"curies":[{"name":"wp","href":"https:\/\/api.w.org\/{rel}","templated":true}]}}